{"id":3701,"date":"2021-02-27T09:16:30","date_gmt":"2021-02-27T09:16:30","guid":{"rendered":"https:\/\/wp.vlthemes.me\/ziomm\/?page_id=3701"},"modified":"2026-03-03T01:49:14","modified_gmt":"2026-03-02T22:49:14","slug":"iletisim","status":"publish","type":"page","link":"https:\/\/selahattinbicicisucuklari.com\/?page_id=3701","title":{"rendered":"\u0130LET\u0130\u015e\u0130M"},"content":{"rendered":"\t\t<div data-elementor-type=\"wp-page\" data-elementor-id=\"3701\" class=\"elementor elementor-3701\">\n\t\t\t\t\t\t<section class=\"elementor-section elementor-top-section elementor-element elementor-element-e6af390 elementor-section-boxed elementor-section-height-default elementor-section-height-default\" data-id=\"e6af390\" data-element_type=\"section\" data-e-type=\"section\">\n\t\t\t\t\t\t<div class=\"elementor-container elementor-column-gap-extended\">\n\t\t\t\t\t<div class=\"elementor-column elementor-col-100 elementor-top-column elementor-element elementor-element-26b864d\" data-id=\"26b864d\" data-element_type=\"column\" data-e-type=\"column\">\n\t\t\t<div class=\"elementor-widget-wrap elementor-element-populated\">\n\t\t\t\t\t\t<div data-aos=\"fade\" data-aos-once=\"true\" class=\"elementor-element elementor-element-5d60e13 elementor-widget elementor-widget-vlt-heading\" data-id=\"5d60e13\" data-element_type=\"widget\" data-e-type=\"widget\" data-settings=\"{&quot;aos_animation_name&quot;:&quot;fade&quot;}\" data-widget_type=\"vlt-heading.default\">\n\t\t\t\t<div class=\"elementor-widget-container\">\n\t\t\t\t\t\n\t\t<h1 class=\"vlt-heading vlt-heading--style-1\">\n\n\t\t\t\n\t\t\t\t\t\t\t\u0130leti\u015fim\t\t\t\n\t\t\t\n\t\t<\/h1>\n\n\t\t\t\t\t<\/div>\n\t\t\t\t<\/div>\n\t\t\t\t\t<\/div>\n\t\t<\/div>\n\t\t\t\t\t<\/div>\n\t\t<\/section>\n\t\t\t\t<section class=\"elementor-section elementor-top-section elementor-element elementor-element-61d1991 elementor-section-boxed elementor-section-height-default elementor-section-height-default\" data-id=\"61d1991\" data-element_type=\"section\" data-e-type=\"section\">\n\t\t\t\t\t\t<div class=\"elementor-container elementor-column-gap-extended\">\n\t\t\t\t\t<div class=\"elementor-column elementor-col-33 elementor-top-column elementor-element elementor-element-8b95215\" data-id=\"8b95215\" data-element_type=\"column\" data-e-type=\"column\">\n\t\t\t<div class=\"elementor-widget-wrap elementor-element-populated\">\n\t\t\t\t\t\t<div data-aos=\"fade\" data-aos-delay=\"100\" data-aos-once=\"true\" class=\"elementor-element elementor-element-96ea22f elementor-widget__width-auto elementor-absolute elementor-widget elementor-widget-vlt-simple-icon\" data-id=\"96ea22f\" data-element_type=\"widget\" data-e-type=\"widget\" data-settings=\"{&quot;aos_animation_name&quot;:&quot;fade&quot;,&quot;_position&quot;:&quot;absolute&quot;}\" data-widget_type=\"vlt-simple-icon.default\">\n\t\t\t\t<div class=\"elementor-widget-container\">\n\t\t\t\t\t\n\t\t<div class=\"vlt-simple-icon vlt-simple-icon--framed vlt-simple-icon--class\">\n\n\t\t\t<i class=\"icon-phone\"><\/i>\n\t\t<\/div>\n\n\t\t\t\t\t\t<\/div>\n\t\t\t\t<\/div>\n\t\t\t\t<div data-aos=\"fade\" data-aos-delay=\"100\" data-aos-once=\"true\" class=\"elementor-element elementor-element-ff6169c elementor-widget elementor-widget-vlt-heading\" data-id=\"ff6169c\" data-element_type=\"widget\" data-e-type=\"widget\" data-settings=\"{&quot;aos_animation_name&quot;:&quot;fade&quot;}\" data-widget_type=\"vlt-heading.default\">\n\t\t\t\t<div class=\"elementor-widget-container\">\n\t\t\t\t\t\n\t\t<h3 class=\"vlt-heading vlt-heading--style-1\">\n\n\t\t\t\n\t\t\t\t\t\t\tTelefon\t\t\t\n\t\t\t\n\t\t<\/h3>\n\n\t\t\t\t\t<\/div>\n\t\t\t\t<\/div>\n\t\t\t\t<div data-aos=\"fade\" data-aos-delay=\"100\" data-aos-once=\"true\" class=\"elementor-element elementor-element-7068d9b elementor-widget elementor-widget-text-editor\" data-id=\"7068d9b\" data-element_type=\"widget\" data-e-type=\"widget\" data-settings=\"{&quot;aos_animation_name&quot;:&quot;fade&quot;}\" data-widget_type=\"text-editor.default\">\n\t\t\t\t\t\t\t\t\t<p><strong><a class=\"vlt-link-with-arrow vlt-link-with-arrow--right\" role=\"button\" href=\"https:\/\/selahattinbicicisucuklari.com\/#\">Selehattin Bi\u00e7ici \u00a0<\/a><\/strong><a class=\"vlt-link-with-arrow vlt-link-with-arrow--right\" role=\"button\" href=\"https:\/\/selahattinbicicisucuklari.com\/#\">0534 829 65 13<\/a><\/p>\t\t\t\t\t\t\t\t<\/div>\n\t\t\t\t\t<\/div>\n\t\t<\/div>\n\t\t\t\t<div class=\"elementor-column elementor-col-33 elementor-top-column elementor-element elementor-element-6418be8\" data-id=\"6418be8\" data-element_type=\"column\" data-e-type=\"column\">\n\t\t\t<div class=\"elementor-widget-wrap elementor-element-populated\">\n\t\t\t\t\t\t<div data-aos=\"fade\" data-aos-delay=\"200\" data-aos-once=\"true\" class=\"elementor-element elementor-element-ee592ff elementor-widget__width-auto elementor-absolute elementor-widget elementor-widget-vlt-simple-icon\" data-id=\"ee592ff\" data-element_type=\"widget\" data-e-type=\"widget\" data-settings=\"{&quot;aos_animation_name&quot;:&quot;fade&quot;,&quot;_position&quot;:&quot;absolute&quot;}\" data-widget_type=\"vlt-simple-icon.default\">\n\t\t\t\t<div class=\"elementor-widget-container\">\n\t\t\t\t\t\n\t\t<div class=\"vlt-simple-icon vlt-simple-icon--framed vlt-simple-icon--class\">\n\n\t\t\t<i class=\"icon-pin\"><\/i>\n\t\t<\/div>\n\n\t\t\t\t\t\t<\/div>\n\t\t\t\t<\/div>\n\t\t\t\t<div data-aos=\"fade\" data-aos-delay=\"200\" data-aos-once=\"true\" class=\"elementor-element elementor-element-7824b5e elementor-widget elementor-widget-vlt-heading\" data-id=\"7824b5e\" data-element_type=\"widget\" data-e-type=\"widget\" data-settings=\"{&quot;aos_animation_name&quot;:&quot;fade&quot;}\" data-widget_type=\"vlt-heading.default\">\n\t\t\t\t<div class=\"elementor-widget-container\">\n\t\t\t\t\t\n\t\t<h3 class=\"vlt-heading vlt-heading--style-1\">\n\n\t\t\t\n\t\t\t\t\t\t\tAdres\t\t\t\n\t\t\t\n\t\t<\/h3>\n\n\t\t\t\t\t<\/div>\n\t\t\t\t<\/div>\n\t\t\t\t<div class=\"elementor-element elementor-element-ee51e8f elementor-widget elementor-widget-spacer\" data-id=\"ee51e8f\" data-element_type=\"widget\" data-e-type=\"widget\" data-settings=\"{&quot;aos_animation_name&quot;:&quot;none&quot;}\" data-widget_type=\"spacer.default\">\n\t\t\t\t\t\t\t<div class=\"elementor-spacer\">\n\t\t\t<div class=\"elementor-spacer-inner\"><\/div>\n\t\t<\/div>\n\t\t\t\t\t\t<\/div>\n\t\t\t\t<div data-aos=\"fade\" data-aos-delay=\"200\" data-aos-once=\"true\" class=\"elementor-element elementor-element-82b4362 elementor-widget elementor-widget-text-editor\" data-id=\"82b4362\" data-element_type=\"widget\" data-e-type=\"widget\" data-settings=\"{&quot;aos_animation_name&quot;:&quot;fade&quot;}\" data-widget_type=\"text-editor.default\">\n\t\t\t\t\t\t\t\t\t<p><a class=\"DuDIZe\" href=\"https:\/\/business.google.com\/n\/6286408319650302149\/searchprofile\"><span class=\"ruyPpc\"><strong>Afyonkarahisar OSB, 4. Cd. No\u00a0 Merkez\/Afyonkarahisar<\/strong><\/span><\/a><\/p>\t\t\t\t\t\t\t\t<\/div>\n\t\t\t\t\t<\/div>\n\t\t<\/div>\n\t\t\t\t<div class=\"elementor-column elementor-col-33 elementor-top-column elementor-element elementor-element-c5c4155\" data-id=\"c5c4155\" data-element_type=\"column\" data-e-type=\"column\">\n\t\t\t<div class=\"elementor-widget-wrap elementor-element-populated\">\n\t\t\t\t\t\t<div data-aos=\"fade\" data-aos-delay=\"300\" data-aos-once=\"true\" class=\"elementor-element elementor-element-cff3231 elementor-widget__width-auto elementor-absolute elementor-widget elementor-widget-vlt-simple-icon\" data-id=\"cff3231\" data-element_type=\"widget\" data-e-type=\"widget\" data-settings=\"{&quot;aos_animation_name&quot;:&quot;fade&quot;,&quot;_position&quot;:&quot;absolute&quot;}\" data-widget_type=\"vlt-simple-icon.default\">\n\t\t\t\t<div class=\"elementor-widget-container\">\n\t\t\t\t\t\n\t\t<div class=\"vlt-simple-icon vlt-simple-icon--framed vlt-simple-icon--class\">\n\n\t\t\t<i class=\"icon-clock\"><\/i>\n\t\t<\/div>\n\n\t\t\t\t\t\t<\/div>\n\t\t\t\t<\/div>\n\t\t\t\t<div data-aos=\"fade\" data-aos-delay=\"300\" data-aos-once=\"true\" class=\"elementor-element elementor-element-f79413f elementor-widget elementor-widget-vlt-heading\" data-id=\"f79413f\" data-element_type=\"widget\" data-e-type=\"widget\" data-settings=\"{&quot;aos_animation_name&quot;:&quot;fade&quot;}\" data-widget_type=\"vlt-heading.default\">\n\t\t\t\t<div class=\"elementor-widget-container\">\n\t\t\t\t\t\n\t\t<h3 class=\"vlt-heading vlt-heading--style-1\">\n\n\t\t\t\n\t\t\t\t\t\t\tA\u00c7ILI\u015e - KAPANI\u015e\t\t\t\n\t\t\t\n\t\t<\/h3>\n\n\t\t\t\t\t<\/div>\n\t\t\t\t<\/div>\n\t\t\t\t<div class=\"elementor-element elementor-element-4a4cd4e elementor-widget elementor-widget-spacer\" data-id=\"4a4cd4e\" data-element_type=\"widget\" data-e-type=\"widget\" data-settings=\"{&quot;aos_animation_name&quot;:&quot;none&quot;}\" data-widget_type=\"spacer.default\">\n\t\t\t\t\t\t\t<div class=\"elementor-spacer\">\n\t\t\t<div class=\"elementor-spacer-inner\"><\/div>\n\t\t<\/div>\n\t\t\t\t\t\t<\/div>\n\t\t\t\t<div data-aos=\"fade\" data-aos-delay=\"300\" data-aos-once=\"true\" class=\"elementor-element elementor-element-72b5639 elementor-widget elementor-widget-text-editor\" data-id=\"72b5639\" data-element_type=\"widget\" data-e-type=\"widget\" data-settings=\"{&quot;aos_animation_name&quot;:&quot;fade&quot;}\" data-widget_type=\"text-editor.default\">\n\t\t\t\t\t\t\t\t\t<p style=\"text-align: left;\"><strong>HAFTA \u0130\u00c7\u0130<\/strong><br \/><strong>08:00\u00a0 &#8211; 17:00\u00a0<\/strong><\/p>\t\t\t\t\t\t\t\t<\/div>\n\t\t\t\t\t<\/div>\n\t\t<\/div>\n\t\t\t\t\t<\/div>\n\t\t<\/section>\n\t\t\t\t<section class=\"elementor-section elementor-top-section elementor-element elementor-element-2908f4c elementor-section-full_width elementor-section-height-default elementor-section-height-default\" data-id=\"2908f4c\" data-element_type=\"section\" data-e-type=\"section\">\n\t\t\t\t\t\t<div class=\"elementor-container elementor-column-gap-no\">\n\t\t\t\t\t<div class=\"elementor-column elementor-col-100 elementor-top-column elementor-element elementor-element-ca27a73\" data-id=\"ca27a73\" data-element_type=\"column\" data-e-type=\"column\">\n\t\t\t<div class=\"elementor-widget-wrap elementor-element-populated\">\n\t\t\t\t\t\t<div data-aos=\"fade\" data-aos-once=\"true\" class=\"elementor-element elementor-element-bd90973 elementor-widget elementor-widget-google_maps\" data-id=\"bd90973\" data-element_type=\"widget\" data-e-type=\"widget\" data-settings=\"{&quot;aos_animation_name&quot;:&quot;fade&quot;}\" data-widget_type=\"google_maps.default\">\n\t\t\t\t\t\t\t<div class=\"elementor-custom-embed\">\n\t\t\t<iframe loading=\"lazy\"\n\t\t\t\t\tsrc=\"https:\/\/maps.google.com\/maps?q=Afyonkarahisar%20OSB%2C%204.%20Cd.%20No%2031%2C%2003030%20Afyonkarahisar%20Merkez%2FAfyonkarahisar%2C%2003030%20Merkez%2FAfyon&#038;t=m&#038;z=18&#038;output=embed&#038;iwloc=near\"\n\t\t\t\t\ttitle=\"Afyonkarahisar OSB, 4. Cd. No 31, 03030 Afyonkarahisar Merkez\/Afyonkarahisar, 03030 Merkez\/Afyon\"\n\t\t\t\t\taria-label=\"Afyonkarahisar OSB, 4. Cd. No 31, 03030 Afyonkarahisar Merkez\/Afyonkarahisar, 03030 Merkez\/Afyon\"\n\t\t\t><\/iframe>\n\t\t<\/div>\n\t\t\t\t\t\t<\/div>\n\t\t\t\t\t<\/div>\n\t\t<\/div>\n\t\t\t\t\t<\/div>\n\t\t<\/section>\n\t\t\t\t<\/div>\n\t\t","protected":false},"excerpt":{"rendered":"<p>\u0130leti\u015fim Telefon Selehattin Bi\u00e7ici \u00a00534 829 65 13 Adres Afyonkarahisar OSB, 4. Cd. No\u00a0 Merkez\/Afyonkarahisar A\u00c7ILI\u015e &#8211; KAPANI\u015e HAFTA \u0130\u00c7\u013008:00\u00a0 &#8211; 17:00\u00a0<\/p>\n","protected":false},"author":1,"featured_media":0,"parent":0,"menu_order":13,"comment_status":"closed","ping_status":"closed","template":"template-custom-page.php","meta":{"_acf_changed":false,"_vp_format_video_url":"","_vp_image_focal_point":[],"footnotes":""},"class_list":["post-3701","page","type-page","status-publish","hentry"],"acf":[],"_links":{"self":[{"href":"https:\/\/selahattinbicicisucuklari.com\/index.php?rest_route=\/wp\/v2\/pages\/3701","targetHints":{"allow":["GET"]}}],"collection":[{"href":"https:\/\/selahattinbicicisucuklari.com\/index.php?rest_route=\/wp\/v2\/pages"}],"about":[{"href":"https:\/\/selahattinbicicisucuklari.com\/index.php?rest_route=\/wp\/v2\/types\/page"}],"author":[{"embeddable":true,"href":"https:\/\/selahattinbicicisucuklari.com\/index.php?rest_route=\/wp\/v2\/users\/1"}],"replies":[{"embeddable":true,"href":"https:\/\/selahattinbicicisucuklari.com\/index.php?rest_route=%2Fwp%2Fv2%2Fcomments&post=3701"}],"version-history":[{"count":11,"href":"https:\/\/selahattinbicicisucuklari.com\/index.php?rest_route=\/wp\/v2\/pages\/3701\/revisions"}],"predecessor-version":[{"id":5809,"href":"https:\/\/selahattinbicicisucuklari.com\/index.php?rest_route=\/wp\/v2\/pages\/3701\/revisions\/5809"}],"wp:attachment":[{"href":"https:\/\/selahattinbicicisucuklari.com\/index.php?rest_route=%2Fwp%2Fv2%2Fmedia&parent=3701"}],"curies":[{"name":"wp","href":"https:\/\/api.w.org\/{rel}","templated":true}]}}